{"id":1044,"date":"2025-09-25T16:14:39","date_gmt":"2025-09-25T14:14:39","guid":{"rendered":"https:\/\/www.campinglavallee.fr\/home\/"},"modified":"2025-11-28T13:38:27","modified_gmt":"2025-11-28T12:38:27","slug":"home","status":"publish","type":"page","link":"https:\/\/www.campinglavallee.fr\/en\/","title":{"rendered":"Home"},"content":{"rendered":"<div class=\"diaporama-header align-full\"><div class=\"gallery f-carousel fc-diapo\" data-fancybox=\"gallery\"><figure class=\"gallery__item\"><picture><source srcset=\"https:\/\/www.campinglavallee.fr\/wp-content\/uploads\/2025\/10\/vallee-1-420x236.webp\" media=\"(max-width: 210px)\"><source srcset=\"https:\/\/www.campinglavallee.fr\/wp-content\/uploads\/2025\/10\/vallee-1-850x478.webp\" media=\"(max-width: 420px)\"><source srcset=\"https:\/\/www.campinglavallee.fr\/wp-content\/uploads\/2025\/10\/vallee-1-768x432.webp\" media=\"(max-width: 850px)\"><source srcset=\"https:\/\/www.campinglavallee.fr\/wp-content\/uploads\/2025\/10\/vallee-1-1024x576.webp\" media=\"(max-width: 1024px)\"><source srcset=\"https:\/\/www.campinglavallee.fr\/wp-content\/uploads\/2025\/10\/vallee-1.webp\" media=\"(min-width: 1025px)\"><img loading=\"lazy\" decoding=\"async\" src=\"https:\/\/www.campinglavallee.fr\/wp-content\/uploads\/2025\/10\/vallee-1-420x236.webp\" width=\"420\" height=\"210\" alt=\"\" title=\"\"><\/picture><\/figure><figure class=\"gallery__item\"><picture><source srcset=\"https:\/\/www.campinglavallee.fr\/wp-content\/uploads\/2025\/10\/vallee-3-420x236.webp\" media=\"(max-width: 210px)\"><source srcset=\"https:\/\/www.campinglavallee.fr\/wp-content\/uploads\/2025\/10\/vallee-3-850x478.webp\" media=\"(max-width: 420px)\"><source srcset=\"https:\/\/www.campinglavallee.fr\/wp-content\/uploads\/2025\/10\/vallee-3-768x432.webp\" media=\"(max-width: 850px)\"><source srcset=\"https:\/\/www.campinglavallee.fr\/wp-content\/uploads\/2025\/10\/vallee-3-1024x576.webp\" media=\"(max-width: 1024px)\"><source srcset=\"https:\/\/www.campinglavallee.fr\/wp-content\/uploads\/2025\/10\/vallee-3.webp\" media=\"(min-width: 1025px)\"><img loading=\"lazy\" decoding=\"async\" src=\"https:\/\/www.campinglavallee.fr\/wp-content\/uploads\/2025\/10\/vallee-3-420x236.webp\" width=\"420\" height=\"210\" class=\"diaporama-header__display\" alt=\"\" title=\"\"><\/picture><\/figure><figure class=\"gallery__item\"><picture><source srcset=\"https:\/\/www.campinglavallee.fr\/wp-content\/uploads\/2025\/10\/vallee-4-420x236.webp\" media=\"(max-width: 210px)\"><source srcset=\"https:\/\/www.campinglavallee.fr\/wp-content\/uploads\/2025\/10\/vallee-4-850x478.webp\" media=\"(max-width: 420px)\"><source srcset=\"https:\/\/www.campinglavallee.fr\/wp-content\/uploads\/2025\/10\/vallee-4-768x432.webp\" media=\"(max-width: 850px)\"><source srcset=\"https:\/\/www.campinglavallee.fr\/wp-content\/uploads\/2025\/10\/vallee-4-1024x576.webp\" media=\"(max-width: 1024px)\"><source srcset=\"https:\/\/www.campinglavallee.fr\/wp-content\/uploads\/2025\/10\/vallee-4.webp\" media=\"(min-width: 1025px)\"><img loading=\"lazy\" decoding=\"async\" src=\"https:\/\/www.campinglavallee.fr\/wp-content\/uploads\/2025\/10\/vallee-4-420x236.webp\" width=\"420\" height=\"210\" class=\"diaporama-header__display\" alt=\"\" title=\"\"><\/picture><\/figure><figure class=\"gallery__item\"><picture><source srcset=\"https:\/\/www.campinglavallee.fr\/wp-content\/uploads\/2025\/10\/vallee-5-420x236.webp\" media=\"(max-width: 210px)\"><source srcset=\"https:\/\/www.campinglavallee.fr\/wp-content\/uploads\/2025\/10\/vallee-5-850x478.webp\" media=\"(max-width: 420px)\"><source srcset=\"https:\/\/www.campinglavallee.fr\/wp-content\/uploads\/2025\/10\/vallee-5-768x432.webp\" media=\"(max-width: 850px)\"><source srcset=\"https:\/\/www.campinglavallee.fr\/wp-content\/uploads\/2025\/10\/vallee-5-1024x576.webp\" media=\"(max-width: 1024px)\"><source srcset=\"https:\/\/www.campinglavallee.fr\/wp-content\/uploads\/2025\/10\/vallee-5.webp\" media=\"(min-width: 1025px)\"><img loading=\"lazy\" decoding=\"async\" src=\"https:\/\/www.campinglavallee.fr\/wp-content\/uploads\/2025\/10\/vallee-5-420x236.webp\" width=\"420\" height=\"210\" class=\"diaporama-header__display\" alt=\"\" title=\"\"><\/picture><\/figure><figure class=\"gallery__item\"><picture><source srcset=\"https:\/\/www.campinglavallee.fr\/wp-content\/uploads\/2025\/10\/vallee-6-420x315.webp\" media=\"(max-width: 210px)\"><source srcset=\"https:\/\/www.campinglavallee.fr\/wp-content\/uploads\/2025\/10\/vallee-6-850x638.webp\" media=\"(max-width: 420px)\"><source srcset=\"https:\/\/www.campinglavallee.fr\/wp-content\/uploads\/2025\/10\/vallee-6-768x576.webp\" media=\"(max-width: 850px)\"><source srcset=\"https:\/\/www.campinglavallee.fr\/wp-content\/uploads\/2025\/10\/vallee-6-1024x768.webp\" media=\"(max-width: 1024px)\"><source srcset=\"https:\/\/www.campinglavallee.fr\/wp-content\/uploads\/2025\/10\/vallee-6.webp\" media=\"(min-width: 1025px)\"><img loading=\"lazy\" decoding=\"async\" src=\"https:\/\/www.campinglavallee.fr\/wp-content\/uploads\/2025\/10\/vallee-6-420x315.webp\" width=\"420\" height=\"210\" class=\"diaporama-header__display\" alt=\"\" title=\"\"><\/picture><\/figure><figure class=\"gallery__item\"><picture><source srcset=\"https:\/\/www.campinglavallee.fr\/wp-content\/uploads\/2025\/10\/vallee-13-420x181.webp\" media=\"(max-width: 210px)\"><source srcset=\"https:\/\/www.campinglavallee.fr\/wp-content\/uploads\/2025\/10\/vallee-13-850x367.webp\" media=\"(max-width: 420px)\"><source srcset=\"https:\/\/www.campinglavallee.fr\/wp-content\/uploads\/2025\/10\/vallee-13-768x332.webp\" media=\"(max-width: 850px)\"><source srcset=\"https:\/\/www.campinglavallee.fr\/wp-content\/uploads\/2025\/10\/vallee-13-1024x442.webp\" media=\"(max-width: 1024px)\"><source srcset=\"https:\/\/www.campinglavallee.fr\/wp-content\/uploads\/2025\/10\/vallee-13.webp\" media=\"(min-width: 1025px)\"><img loading=\"lazy\" decoding=\"async\" src=\"https:\/\/www.campinglavallee.fr\/wp-content\/uploads\/2025\/10\/vallee-13-420x181.webp\" width=\"420\" height=\"210\" class=\"diaporama-header__display\" alt=\"\" title=\"\"><\/picture><\/figure><\/div><div class=\"diaporama-header__inner\"><p class=\"bold h1\"   >Camping La Vall\u00e9e *** <span class=\"fc-span\">Ideal for a family holiday<\/span><\/p><div class=\"buttons hide-mob \"><span class=\"buttons__btn btn-resa defaut\">Book now<\/span><\/div><\/div><\/div>\n\n<div class=\"group message-group align-full has-bg has-noir-bg-color\" style=\"background-color:var(--noir);\"><p class=\"message h3 center\" style=\"text-align: center;\"  >Enjoy the sea just<br><span class=\"fc-span\">700m from La Vall\u00e9e campsite!<\/span><\/p><\/div>\n\n<div class=\"columns reverse-mob  has-noir-bg-color has-bg align-full\" style=\"background-color:var(--noir);\"><div class=\"columns__item media fade-left\"><div class=\"gallery height-adapt\"><figure class=\"gallery__item\"><picture><source srcset=\"https:\/\/www.campinglavallee.fr\/wp-content\/uploads\/2025\/10\/vallee-2-420x236.webp\" media=\"(max-width: 210px)\"><source srcset=\"https:\/\/www.campinglavallee.fr\/wp-content\/uploads\/2025\/10\/vallee-2-850x478.webp\" media=\"(max-width: 420px)\"><source srcset=\"https:\/\/www.campinglavallee.fr\/wp-content\/uploads\/2025\/10\/vallee-2-768x432.webp\" media=\"(max-width: 850px)\"><source srcset=\"https:\/\/www.campinglavallee.fr\/wp-content\/uploads\/2025\/10\/vallee-2-1024x576.webp\" media=\"(max-width: 1024px)\"><source srcset=\"https:\/\/www.campinglavallee.fr\/wp-content\/uploads\/2025\/10\/vallee-2.webp\" media=\"(min-width: 1025px)\"><img decoding=\"async\" src=\"https:\/\/www.campinglavallee.fr\/wp-content\/uploads\/2025\/10\/vallee-2-420x236.webp\" width=\"420\" height=\"210\" loading=\"lazy\" alt=\"\" title=\"\"><\/picture><\/figure><\/div><\/div><div class=\"columns__item texte fade-right\"><h1 class=\"span-bleu h2\" style=\"color: var(--blanc);\">A green setting in the C\u00f4tes d&#8217;Armor: <span class=\"fc-span\">La Vall\u00e9e *** campsite<\/span><\/h1><p  style=\"color: var(--blanc);\"  >Welcome to Camping La Vall\u00e9e, your nature getaway nestled in a green setting just 700 metres from the magnificent Saint-Pabu beach in Erquy.<\/p><p  style=\"color: var(--blanc);\"  >Far from the crowds, our 3-star campsite offers an intimate, relaxing setting on 2 hectares of landscaped grounds, planted with flowers and protected from the wind. It&#8217;s the ideal place to recharge your batteries and enjoy the absolute peace and quiet of the C\u00f4tes d&#8217;Armor.<\/p><\/div><\/div>\n\n<div class=\"columns has-beige-bg-color has-bg align-full\" style=\"background-color:var(--beige);\"><div class=\"columns__item texte fade-left\">\n<div style=\"height:3rem\" aria-hidden=\"true\" class=\"wp-block-spacer hide-mob\"><\/div>\n<h2 class=\"span-vert\">Choose your <strong><span class=\"fc-span\">haven of peace<\/span><\/strong><\/h2><p    >Whether you&#8217;re looking for the comfort of a mobile home or chalet with covered terrace, the authentic charm of a &#8220;Safari&#8221; tent with wooden floor, or the simple, practical spirit of a canvas hut for a short stopover, Camping La Vall\u00e9e has the right accommodation for you.<\/p><div class=\"lireplus fc-mob\"><p    >Read more<\/p><div class=\"group\"><p    >Located just 5 minutes&#8217; walk from the magnificent Saint-Pabu beach, our accommodations immerse you in a peaceful, natural setting.<\/p><p    ><\/p><\/div><\/div><div class=\"buttons\"><a href=\"https:\/\/www.campinglavallee.fr\/en\/rentals\/\" rel=\"noreferrer noopener\" rel=\"noreferrer noopener\" class=\"buttons__btn\">Discover our accommodations<\/a><\/div>\n<div style=\"height:3rem\" aria-hidden=\"true\" class=\"wp-block-spacer hide-mob\"><\/div>\n<\/div><div class=\"columns__item media fade-right\"><div class=\"gallery height-adapt\"><figure class=\"gallery__item\"><picture><source srcset=\"https:\/\/www.campinglavallee.fr\/wp-content\/uploads\/2025\/10\/vallee-8-e1759913364623-420x313.webp\" media=\"(max-width: 210px)\"><source srcset=\"https:\/\/www.campinglavallee.fr\/wp-content\/uploads\/2025\/10\/vallee-8-e1759913364623-850x633.webp\" media=\"(max-width: 420px)\"><source srcset=\"https:\/\/www.campinglavallee.fr\/wp-content\/uploads\/2025\/10\/vallee-8-e1759913364623-768x572.webp\" media=\"(max-width: 850px)\"><source srcset=\"https:\/\/www.campinglavallee.fr\/wp-content\/uploads\/2025\/10\/vallee-8-e1759913364623-1024x763.webp\" media=\"(max-width: 1024px)\"><source srcset=\"https:\/\/www.campinglavallee.fr\/wp-content\/uploads\/2025\/10\/vallee-8-e1759913364623.webp\" media=\"(min-width: 1025px)\"><img decoding=\"async\" src=\"https:\/\/www.campinglavallee.fr\/wp-content\/uploads\/2025\/10\/vallee-8-e1759913364623-420x313.webp\" width=\"420\" height=\"210\" loading=\"lazy\" alt=\"\" title=\"\"><\/picture><\/figure><\/div><\/div><\/div>\n\n<div class=\"columns sec-05 reverse-mob has-bleu-bg-color has-bg align-full\" style=\"background-color:var(--bleu);\"><div class=\"columns__item media fade-left\"><div class=\"gallery height-adapt\"><figure class=\"gallery__item\"><picture><source srcset=\"https:\/\/www.campinglavallee.fr\/wp-content\/uploads\/2025\/10\/vallee-15-420x236.webp\" media=\"(max-width: 210px)\"><source srcset=\"https:\/\/www.campinglavallee.fr\/wp-content\/uploads\/2025\/10\/vallee-15-850x478.webp\" media=\"(max-width: 420px)\"><source srcset=\"https:\/\/www.campinglavallee.fr\/wp-content\/uploads\/2025\/10\/vallee-15-768x432.webp\" media=\"(max-width: 850px)\"><source srcset=\"https:\/\/www.campinglavallee.fr\/wp-content\/uploads\/2025\/10\/vallee-15-1024x576.webp\" media=\"(max-width: 1024px)\"><source srcset=\"https:\/\/www.campinglavallee.fr\/wp-content\/uploads\/2025\/10\/vallee-15.webp\" media=\"(min-width: 1025px)\"><img decoding=\"async\" src=\"https:\/\/www.campinglavallee.fr\/wp-content\/uploads\/2025\/10\/vallee-15-420x236.webp\" width=\"420\" height=\"210\" loading=\"lazy\" alt=\"\" title=\"\"><\/picture><\/figure><\/div><\/div><div class=\"columns__item marge fade-right\"><h2 class=\"span-blanc inline\" style=\"text-align: center;\">Your natural location <span class=\"fc-span\">at the beach&#8217;s doorstep<\/span><\/h2><p class=\"center\" style=\"text-align: center;\"  >For nature lovers, our charming campsite offers spacious pitches with trees, ranging from 90 to 110 m\u00b2. Each plot is equipped with an electrical connection and, for most, a water point with drainage.<\/p><div class=\"lireplus fc-mob\"><p class=\"center\" style=\"text-align: center;\"  >Read more<\/p><div class=\"group\"><p class=\"center\" style=\"text-align: center;\"  >Nestled in green, peaceful surroundings, our pitches are the ideal place to pitch your tent, caravan or motorhome and enjoy a peaceful stay just 5 minutes&#8217; walk from Saint-Pabu beach. Experience a real immersion in the heart of Breton nature.<\/p><\/div><\/div><div class=\"buttons display-flex \" style=\"justify-content:center;\"><a href=\"https:\/\/www.campinglavallee.fr\/en\/locations\/\" rel=\"noreferrer noopener\" rel=\"noreferrer noopener\" class=\"buttons__btn is-style-1\" style=\"background-color:var(--blanc);color:var(--gris);\">Reserve your pitch<\/a><\/div><\/div><\/div>\n\n<div class=\"cover hide-mob align-full\"><picture class=\"cover__img\"><source srcset=\"https:\/\/www.campinglavallee.fr\/wp-content\/uploads\/2025\/10\/vallee-17-420x203.webp\" media=\"(max-width: 210px)\"><source srcset=\"https:\/\/www.campinglavallee.fr\/wp-content\/uploads\/2025\/10\/vallee-17-850x410.webp\" media=\"(max-width: 420px)\"><source srcset=\"https:\/\/www.campinglavallee.fr\/wp-content\/uploads\/2025\/10\/vallee-17-768x370.webp\" media=\"(max-width: 850px)\"><source srcset=\"https:\/\/www.campinglavallee.fr\/wp-content\/uploads\/2025\/10\/vallee-17-1024x494.webp\" media=\"(max-width: 1024px)\"><source srcset=\"https:\/\/www.campinglavallee.fr\/wp-content\/uploads\/2025\/10\/vallee-17.webp\" media=\"(min-width: 1025px)\"><img decoding=\"async\" src=\"https:\/\/www.campinglavallee.fr\/wp-content\/uploads\/2025\/10\/vallee-17-420x203.webp\" width=\"420\" height=\"210\" loading=\"lazy\" alt=\"\" title=\"\"><\/picture><div class=\"cover__inner\"><p class=\"bold h1\" style=\"color: var(--blanc);\"  >Flower-filled campsite at <br>in the heart of the valley <span class=\"fc-span\">close to the sea<\/span><\/p><\/div><\/div>\n\n<div class=\"columns reverse-mob has-beige-bg-color has-bg align-full\" style=\"background-color:var(--beige);\"><div class=\"columns__item media fade-left\"><div class=\"gallery height-adapt\"><figure class=\"gallery__item\"><picture><source srcset=\"https:\/\/www.campinglavallee.fr\/wp-content\/uploads\/2025\/10\/vallee-9-420x236.webp\" media=\"(max-width: 210px)\"><source srcset=\"https:\/\/www.campinglavallee.fr\/wp-content\/uploads\/2025\/10\/vallee-9-850x478.webp\" media=\"(max-width: 420px)\"><source srcset=\"https:\/\/www.campinglavallee.fr\/wp-content\/uploads\/2025\/10\/vallee-9-768x432.webp\" media=\"(max-width: 850px)\"><source srcset=\"https:\/\/www.campinglavallee.fr\/wp-content\/uploads\/2025\/10\/vallee-9-1024x576.webp\" media=\"(max-width: 1024px)\"><source srcset=\"https:\/\/www.campinglavallee.fr\/wp-content\/uploads\/2025\/10\/vallee-9.webp\" media=\"(min-width: 1025px)\"><img decoding=\"async\" src=\"https:\/\/www.campinglavallee.fr\/wp-content\/uploads\/2025\/10\/vallee-9-420x236.webp\" width=\"420\" height=\"210\" loading=\"lazy\" alt=\"\" title=\"\"><\/picture><\/figure><\/div><\/div><div class=\"columns__item texte fade-right\">\n<div style=\"height:3rem\" aria-hidden=\"true\" class=\"wp-block-spacer hide-mob\"><\/div>\n<h2 class=\"span-bleu inline\">Activities for <span class=\"fc-span\">young and old<\/span><\/h2><p    >Beyond its idyllic setting, the campsite is a real place to live. Children will love our playground, renovated in 2024, and our trampolines, while older children can enjoy a game of p\u00e9tanque, billiards or table soccer.<\/p><p    >And for a touch of well-being, take advantage of our new Pilates classes or our training area equipped with a sauna.<\/p><div class=\"buttons\"><a href=\"https:\/\/www.campinglavallee.fr\/en\/activities\/\" rel=\"noreferrer noopener\" rel=\"noreferrer noopener\" class=\"buttons__btn is-style-1\">Browse our activities<\/a><\/div>\n<div style=\"height:3rem\" aria-hidden=\"true\" class=\"wp-block-spacer hide-mob\"><\/div>\n<\/div><\/div>\n\n<div class=\"columns sec-00 has-vert-bg-color has-bg align-full\" style=\"background-color:var(--vert);\"><div class=\"columns__item texte fade-left\"><h2 class=\"span-blanc\">Services to <span class=\"fc-span\">simplify your stay<\/span><\/h2><p    >To make your stay as pleasant as possible, we have a small grocery store, with bread and pastries delivered fresh every morning, as well as drinks and ice creams. You can also stock up on bottled gas.<\/p><div class=\"lireplus fc-mob\"><p    >Read more<\/p><div class=\"group\"><p    >For your meals, barbecues are permitted on the pitches, and a communal barbecue is available. And to keep you connected, free Wi-Fi is available around reception.<\/p><\/div><\/div><div class=\"buttons\"><a href=\"https:\/\/www.campinglavallee.fr\/en\/services\/\" rel=\"noreferrer noopener\" rel=\"noreferrer noopener\" class=\"buttons__btn defaut\">Take advantage of our services<\/a><\/div>\n<div style=\"height:1rem\" aria-hidden=\"true\" class=\"wp-block-spacer show-mob\"><\/div>\n<\/div><div class=\"columns__item media fade-right \"><div class=\"gallery height-adapt\"><figure class=\"gallery__item\"><picture><source srcset=\"https:\/\/www.campinglavallee.fr\/wp-content\/uploads\/2025\/10\/vallee-16-420x293.webp\" media=\"(max-width: 210px)\"><source srcset=\"https:\/\/www.campinglavallee.fr\/wp-content\/uploads\/2025\/10\/vallee-16-850x592.webp\" media=\"(max-width: 420px)\"><source srcset=\"https:\/\/www.campinglavallee.fr\/wp-content\/uploads\/2025\/10\/vallee-16-768x535.webp\" media=\"(max-width: 850px)\"><source srcset=\"https:\/\/www.campinglavallee.fr\/wp-content\/uploads\/2025\/10\/vallee-16.webp\" media=\"(max-width: 1024px)\"><source srcset=\"https:\/\/www.campinglavallee.fr\/wp-content\/uploads\/2025\/10\/vallee-16.webp\" media=\"(min-width: 1025px)\"><img decoding=\"async\" src=\"https:\/\/www.campinglavallee.fr\/wp-content\/uploads\/2025\/10\/vallee-16-420x293.webp\" width=\"420\" height=\"210\" loading=\"lazy\" alt=\"\" title=\"\"><\/picture><\/figure><\/div><\/div><\/div>\n\n<div class=\"columns reverse-mob has-beige-bg-color has-bg align-full\" style=\"background-color:var(--beige);\"><div class=\"columns__item media fade-left\"><div class=\"gallery height-adapt\"><figure class=\"gallery__item\"><picture><source srcset=\"https:\/\/www.campinglavallee.fr\/wp-content\/uploads\/2025\/10\/AdobeStock_1117334247-e1761220589372-420x242.webp\" media=\"(max-width: 210px)\"><source srcset=\"https:\/\/www.campinglavallee.fr\/wp-content\/uploads\/2025\/10\/AdobeStock_1117334247-e1761220589372-850x490.webp\" media=\"(max-width: 420px)\"><source srcset=\"https:\/\/www.campinglavallee.fr\/wp-content\/uploads\/2025\/10\/AdobeStock_1117334247-e1761220589372-768x443.webp\" media=\"(max-width: 850px)\"><source srcset=\"https:\/\/www.campinglavallee.fr\/wp-content\/uploads\/2025\/10\/AdobeStock_1117334247-e1761220589372-1024x591.webp\" media=\"(max-width: 1024px)\"><source srcset=\"https:\/\/www.campinglavallee.fr\/wp-content\/uploads\/2025\/10\/AdobeStock_1117334247-e1761220589372.webp\" media=\"(min-width: 1025px)\"><img decoding=\"async\" src=\"https:\/\/www.campinglavallee.fr\/wp-content\/uploads\/2025\/10\/AdobeStock_1117334247-e1761220589372-420x242.webp\" width=\"420\" height=\"210\" loading=\"lazy\" alt=\"\" title=\"\"><\/picture><\/figure><\/div><\/div><div class=\"columns__item texte fade-right\">\n<div style=\"height:3rem\" aria-hidden=\"true\" class=\"wp-block-spacer hide-mob\"><\/div>\n<h2 class=\"span-vert\">Explore the <span class=\"fc-span\">beauty of the surrounding area<\/span><\/h2><p    >The C\u00f4tes d&#8217;Armor offers a breathtaking spectacle. A few minutes&#8217; walk will take you to the magnificent Saint-Pabu beach, the ideal starting point for superb hikes along the famous GR\u00ae 34 to the majestic Caps d&#8217;Erquy and Fr\u00e9hel.<\/p><p    >The coastal towns also invite you to discover their typical Breton markets and a multitude of activities for all.<\/p><div class=\"buttons\"><a href=\"https:\/\/www.campinglavallee.fr\/en\/surroundings\/\" rel=\"noreferrer noopener\" rel=\"noreferrer noopener\" class=\"buttons__btn\">Visit the surrounding area<\/a><\/div>\n<div style=\"height:3rem\" aria-hidden=\"true\" class=\"wp-block-spacer hide-mob\"><\/div>\n<\/div><\/div>","protected":false},"excerpt":{"rendered":"<p>Camping La Vall\u00e9e *** Ideal for a family holiday Enjoy the sea just700m from La Vall\u00e9e campsite! A green setting in the C\u00f4tes d&#8217;Armor: La Vall\u00e9e *** campsite Welcome to Camping La Vall\u00e9e, your nature getaway nestled in a green setting just 700 metres from the magnificent Saint-Pabu beach in Erquy. Far from the crowds, [&hellip;]<\/p>\n","protected":false},"author":1,"featured_media":0,"parent":0,"menu_order":0,"comment_status":"open","ping_status":"open","template":"","meta":{"_acf_changed":false,"footnotes":""},"acf":[],"_links":{"self":[{"href":"https:\/\/www.campinglavallee.fr\/en\/wp-json\/wp\/v2\/pages\/1044"}],"collection":[{"href":"https:\/\/www.campinglavallee.fr\/en\/wp-json\/wp\/v2\/pages"}],"about":[{"href":"https:\/\/www.campinglavallee.fr\/en\/wp-json\/wp\/v2\/types\/page"}],"author":[{"embeddable":true,"href":"https:\/\/www.campinglavallee.fr\/en\/wp-json\/wp\/v2\/users\/1"}],"replies":[{"embeddable":true,"href":"https:\/\/www.campinglavallee.fr\/en\/wp-json\/wp\/v2\/comments?post=1044"}],"version-history":[{"count":6,"href":"https:\/\/www.campinglavallee.fr\/en\/wp-json\/wp\/v2\/pages\/1044\/revisions"}],"predecessor-version":[{"id":1088,"href":"https:\/\/www.campinglavallee.fr\/en\/wp-json\/wp\/v2\/pages\/1044\/revisions\/1088"}],"wp:attachment":[{"href":"https:\/\/www.campinglavallee.fr\/en\/wp-json\/wp\/v2\/media?parent=1044"}],"curies":[{"name":"wp","href":"https:\/\/api.w.org\/{rel}","templated":true}]}}